{"id":2269,"date":"2018-07-23T19:07:16","date_gmt":"2018-07-23T17:07:16","guid":{"rendered":"http:\/\/natexgroup.com\/damast-shop\/?page_id=2269"},"modified":"2018-07-24T14:41:54","modified_gmt":"2018-07-24T12:41:54","slug":"conditions-generales","status":"publish","type":"page","link":"https:\/\/natexgroup.com\/damast-shop\/fr\/conditions-generales\/","title":{"rendered":"Conditions g\u00e9n\u00e9rales"},"content":{"rendered":"<div class=\"fusion-fullwidth fullwidth-box fusion-builder-row-1 nonhundred-percent-fullwidth non-hundred-percent-height-scrolling\" style=\"--awb-border-radius-top-left:0px;--awb-border-radius-top-right:0px;--awb-border-radius-bottom-right:0px;--awb-border-radius-bottom-left:0px;--awb-flex-wrap:wrap;\" ><div class=\"fusion-builder-row fusion-row\"><div class=\"fusion-layout-column fusion_builder_column fusion-builder-column-0 fusion_builder_column_1_1 1_1 fusion-one-full fusion-column-first fusion-column-last\" style=\"--awb-bg-size:cover;--awb-margin-bottom:0px;\"><div class=\"fusion-column-wrapper fusion-flex-column-wrapper-legacy\"><div class=\"fusion-text fusion-text-1\"><h2>Conditions g\u00e9n\u00e9rales de vente,<br \/>\nde livraison et de paiement<\/h2>\n<ol>\n<li><strong>Validit\u00e9 des conditions<\/strong><\/li>\n<\/ol>\n<p>Nos livraisons, services et offres sont effectu\u00e9s exclusivement sur la base de ces termes et conditions. Ils s&rsquo;appliquent \u00e9galement \u00e0 toutes les relations commerciales futures, m\u00eame si elles ne sont pas express\u00e9ment convenues \u00e0 nouveau. L&rsquo;acheteur accepte les termes de la commande avec ces termes et conditions. Silence du vendeur ou l&rsquo;ex\u00e9cution du contrat n&rsquo;est en aucun cas une acceptation de toutes les conditions de l&rsquo;acheteur. Les \u00e9carts par rapport \u00e0 ces termes et conditions ne sont effectifs que si nous les avons confirm\u00e9s par \u00e9crit.<\/p>\n<ol start=\"2\">\n<li><strong>Offre et contrat<\/strong><\/li>\n<\/ol>\n<p>Pour tous les accords, les conditions suivantes s&rsquo;appliquent. Nos offres sont sans engagement. Le client est li\u00e9 \u00e0 sa commande pendant quatre semaines. Les commandes ne nous engagent que si elles ont \u00e9t\u00e9 confirm\u00e9es par \u00e9crit ou ex\u00e9cut\u00e9es. Il en va de m\u00eame pour les adjonctions, les contrats accessoires, les r\u00e9servations, les modifications, ainsi que l&rsquo;assurance des biens. Lieu de juridiction est Feldkirch\/Autriche, lieu de paiement et d&rsquo;ex\u00e9cution est 6840 G\u00f6tzis\/Autriche. Cela vaut \u00e9galement pour les r\u00e9clamations d\u00e9coulant de factures ou ch\u00e8ques, payables \u00e0 d&rsquo;autres endroits, ainsi que pour la mise en \u0153uvre de l&rsquo;ordonnance du tribunal pour la proc\u00e9dure de paiement, et si le d\u00e9biteur d\u00e9place sa r\u00e9sidence ou r\u00e9sidence habituelle en dehors du cadre du Code de proc\u00e9dure civile ou son domicile ou sa r\u00e9sidence habituelle au moment o\u00f9 une action en justice n\u2019est pas encore connue. Pour le type et l&rsquo;\u00e9tendue des livraisons et des services, une confirmation de commande \u00e9crite du vendeur est d\u00e9terminante. Le vendeur se r\u00e9serve les \u00e9carts habituels relatifs aux sp\u00e9cifi\u00e9s dans des brochures, des illustrations, des dessins et des descriptions des services, notamment en termes de dimensions et de couleurs, ainsi que la conception et la forme des changements, qui sont r\u00e9alis\u00e9es \u00e0 partir du jour de la commande jusqu&rsquo;\u00e0 la livraison. Le vendeur se r\u00e9serve les \u00e9carts habituels relatifs aussi pour d&rsquo;autres variations ne pas limitant l&rsquo;utilisation \u00e0 des fins contractuelles sans que l&rsquo;acheteur puisse en tirer des droits. Les documents appartenant aux offres, tels que des illustrations, des dessins, des poids ou des mesures ou d&rsquo;autres donn\u00e9es ou informations techniques, identifient simplement l&rsquo;objet du contrat et ne constituent pas une garantie de qualit\u00e9.<\/p>\n<ol start=\"3\">\n<li><strong>Paiement<\/strong><\/li>\n<\/ol>\n<p>Sauf accord contraire, tous les paiements doivent \u00eatre effectu\u00e9s imm\u00e9diatement apr\u00e8s r\u00e9ception de la facture sans d\u00e9duction. Sauf accord contraire, les prix sont toujours d\u00e9part usine sans fret, emballage, assurance, installation et taxe sur la valeur ajout\u00e9e. Les lettres de change et les ch\u00e8ques ne sont accept\u00e9s qu&rsquo;apr\u00e8s accord sp\u00e9cial et uniquement en cas de paiement. Les frais d&rsquo;escompte, de banque et de facture sont \u00e0 la charge du client. Toute r\u00e9clamation contre le d\u00e9biteur devient exigible si une lettre de change ou un ch\u00e8que n&rsquo;est pas rembours\u00e9 ou si le d\u00e9biteur est en retard de deux versements cons\u00e9cutifs. Nous sommes en droit, nonobstant toute disposition du client, pour compenser les paiements sur les dettes ant\u00e9rieures. Si des frais et int\u00e9r\u00eats sont d\u00e9j\u00e0 apparus, nous sommes en droit de compenser le paiement d&rsquo;abord contre les frais, ensuite contre les int\u00e9r\u00eats et enfin contre le service principal. Si l&rsquo;objectif est d\u00e9pass\u00e9, des int\u00e9r\u00eats de retard de 5% au-dessus du taux d&rsquo;actualisation applicable de la Banque nationale autrichienne seront factur\u00e9s, sans pr\u00e9judice de droits suppl\u00e9mentaires. Le client a le droit de compenser, le maintien ou la r\u00e9duction, m\u00eame si des plaintes ou des demandes reconventionnelles sont en vigueur, que si les demandes reconventionnelles ont \u00e9t\u00e9 \u00e9tablis ou sont incontestables droit.<\/p>\n<ol start=\"4\">\n<li><strong>Livraison<\/strong><\/li>\n<\/ol>\n<p>L&rsquo;exp\u00e9dition est aux frais et aux risques de l&rsquo;acheteur, sauf accord expr\u00e8s contraire. Ce dernier m\u00eame si la livraison franco ou le moyen de transport du vendeur a \u00e9t\u00e9 convenu. Si un d\u00e9lai de livraison convenu est d\u00e9pass\u00e9 de plus de 6 semaines, le client peut se retirer du contrat. D&rsquo;autres droits, en particulier pour les dommages, sont exclus. En cas de force majeure et en raison de difficult\u00e9s dans acquisition de mat\u00e9riel, d\u00e9faillance de l&rsquo;\u00e9quipement, gr\u00e8ve, lock-out, les gens manquent, le manque de transport, les commandes officielles, etc., m\u00eame si elles se produisent chez les fournisseurs ou leurs sous-traitants du vendeur, le vendeur a le droit de d\u00e9lais de livraison et de la dur\u00e9e de l&rsquo;invalidit\u00e9 plus un d\u00e9lai raisonnable. Le vendeur a droit \u00e0 des livraisons partielles et partielles et apr\u00e8s des annonces pr\u00e9alables correspondantes \u00e9galement \u00e0 une livraison pr\u00e9matur\u00e9e.<\/p>\n<ol start=\"5\">\n<li><strong>R\u00e9serve de propri\u00e9t\u00e9<\/strong><\/li>\n<\/ol>\n<p>Jusqu&rsquo;au paiement int\u00e9gral de toutes les r\u00e9clamations de la relation d&rsquo;affaires avec l&rsquo;acheteur, toutes les marchandises livr\u00e9es restent la propri\u00e9t\u00e9 du vendeur. Le client a le droit de traiter les marchandises dans le cours normal des affaires \u00e0 \u00e9liminer, ou incorporer dans d&rsquo;autres produits, mais seulement si le client n&rsquo;est pas en d\u00e9faut avec tout paiement et compte tenu des dispositions ci-apr\u00e8s. La mise en gage ou la cession en garantie des marchandises r\u00e9serv\u00e9es ou de la cr\u00e9ance c\u00e9d\u00e9e est irrecevable. En traitant les marchandises r\u00e9serv\u00e9es, le client n&rsquo;acquiert pas la propri\u00e9t\u00e9 de la nouvelle chose conform\u00e9ment \u00e0 ABGB. Le traitement est effectu\u00e9 par le client pour le groupe Natex, en indiquant le cr\u00e9ancier saisissant. Les tiers doivent \u00eatre mis au courant de la propri\u00e9t\u00e9 du groupe Natex. Cependant, le client stocke ce produit gratuitement. Si les marchandises retenues sont trait\u00e9es avec d&rsquo;autres articles n&rsquo;appartenant pas au client, Natexgroup acquiert la copropri\u00e9t\u00e9 du nouvel article en proportion des valeurs des marchandises r\u00e9serv\u00e9es aux autres articles transform\u00e9s conform\u00e9ment \u00e0 la section de l&rsquo;ABGB. Dans ce cas \u00e9galement, le client stocke ce produit gratuitement. Le client c\u00e8de par les pr\u00e9sentes d&rsquo;une revente ou tout autre motif juridique (assurance, responsabilit\u00e9 civile d\u00e9lictuelle) \u00e0 l&rsquo;\u00e9gard des revendications de biens r\u00e9sultant (y compris toutes les dettes de compte courant) \u00e0 Natexgroup. C&rsquo;est le cas m\u00eame si les marchandises ont \u00e9t\u00e9 d\u00e9j\u00e0 trait\u00e9es. Le groupe Natex doit \u00eatre imm\u00e9diatement inform\u00e9 des saisies ou de l&rsquo;acc\u00e8s par des tiers aux marchandises r\u00e9serv\u00e9es, en indiquant le cr\u00e9ancier saisissant. Les tiers doivent \u00eatre mis au courant de la propri\u00e9t\u00e9 du groupe Natex. Tous les frais encourus \u00e0 cet \u00e9gard seront \u00e0 la charge du client. En rupture de contrat par le client, en particulier par d\u00e9faut de paiement, le Natexgroup a le droit de reprendre la marchandise sous r\u00e9serve aux frais du client. Dans le retrait ainsi que dans la saisie de la marchandise par le groupe Natex, il n&rsquo;y a pas de d\u00e9mission du contrat.<\/p>\n<ol start=\"6\">\n<li><strong>Garantie<\/strong><\/li>\n<\/ol>\n<p>Les notifications de d\u00e9fauts doivent nous parvenir par \u00e9crit dans un d\u00e9lai de 10 jours \u00e0 G\u00f6tzis \/ Autriche et en cas de d\u00e9fauts reconnaissables et de vices cach\u00e9s imm\u00e9diatement apr\u00e8s leur d\u00e9couverte. Si cette p\u00e9riode est manqu\u00e9e, les r\u00e9clamations de garantie ne peuvent plus \u00eatre d\u00e9clar\u00e9es. En cas de r\u00e9clamation justifi\u00e9e, nous sommes tenus de r\u00e9parer gratuitement ou de remplacer les pi\u00e8ces d\u00e9fectueuses ou le produit de vente. Les frais de remise en \u00e9tat sont \u00e0 la charge du client dans la mesure o\u00f9 ils r\u00e9sultent du d\u00e9placement de la marchandise vers un lieu autre que le lieu de r\u00e9sidence ou l&rsquo;\u00e9tablissement commercial. Les r\u00e9clamations de garantie seront caduques si nous avons choisi de rem\u00e9dier au d\u00e9faut et que le client ne prend pas les mesures n\u00e9cessaires pour la r\u00e9paration, notamment de ne pas exiger apr\u00e8s accord une date d&rsquo;annulation du contrat. L&rsquo;annulation doit \u00eatre d\u00e9clar\u00e9e par \u00e9crit dans un d\u00e9lai d&rsquo;une semaine \u00e0 A-6840 G\u00f6tzis \/ Autriche, apr\u00e8s c\u2019est sans doute d\u00e9termin\u00e9, ou nous avons d\u00e9clar\u00e9 par \u00e9crit, que nous sommes incapables de r\u00e9parer ou de remplacer. D&rsquo;autres droits, en particulier pour la conversion, la r\u00e9duction ou l&rsquo;indemnisation en cas d&rsquo;inex\u00e9cution ou d&rsquo;indemnisation pour des dommages directs ou indirects sont exclus. Les demandes de garantie sont exclues en cas d&rsquo;usure naturelle et de manipulation inappropri\u00e9e ou non professionnelle. Pour les produits deuxi\u00e8me choix (2. Wahl), toute responsabilit\u00e9 pour les d\u00e9fauts est exclue. Dans le cas de marchandises que nous ne produisons pas mais distribuons seulement, la garantie est limit\u00e9e aux droits que nous avons contre le fournisseur. Nous sommes en droit d&rsquo;exiger le retour de l&rsquo;objet en question pour v\u00e9rification avant de livrer le remplacement. Les paragraphes ci-dessus contiennent la garantie pour les marchandises et excluent toute autre r\u00e9clamation de garantie de quelque nature que ce soit. Toute r\u00e9clamation de garantie du client ne peut \u00eatre c\u00e9d\u00e9e. Les produits fournis par Natexgroup b\u00e9n\u00e9ficient des droits d&rsquo;auteur de Natexgroup. Le client ne peut utiliser et revendre ces produits que dans le cadre d&rsquo;op\u00e9rations commerciales correctes.<\/p>\n<ol start=\"7\">\n<li><strong>Loi applicable<\/strong><\/li>\n<\/ol>\n<p>Toutes les relations juridiques entre les parties sont r\u00e9gies par la loi de la R\u00e9publique d&rsquo;Autriche. Si le client est un n\u00e9gociant enregistr\u00e9 au sens du Code de commerce autrichien (HGB) ou une personne morale de droit public, Feldkirch est le lieu de juridiction exclusif pour tous les litiges d\u00e9coulant directement ou indirectement de la relation contractuelle. Le groupe Natex a toutefois le droit \u00e0 poursuivre le client \u00e9galement dans une autre juridiction. Si une ou plusieurs des dispositions ci-dessus sont ou deviennent inefficaces ou inapplicables, la validit\u00e9 des autres dispositions n&rsquo;en sera pas affect\u00e9e. Au contraire, la disposition invalide ou inapplicable est remplac\u00e9e par une disposition effective ou ex\u00e9cutoire qui, dans la mesure du possible, atteint le but \u00e9conomique poursuivi par la premi\u00e8re.<\/p>\n<\/div><div class=\"fusion-clearfix\"><\/div><\/div><\/div><\/div><\/div>\n","protected":false},"excerpt":{"rendered":"","protected":false},"author":4,"featured_media":0,"parent":0,"menu_order":0,"comment_status":"closed","ping_status":"closed","template":"","meta":{"footnotes":""},"class_list":["post-2269","page","type-page","status-publish","hentry"],"yoast_head":"<!-- This site is optimized with the Yoast SEO plugin v26.3 - https:\/\/yoast.com\/wordpress\/plugins\/seo\/ -->\n<title>Conditions g\u00e9n\u00e9rales | Natex Group<\/title>\n<meta name=\"robots\" content=\"index, follow, max-snippet:-1, max-image-preview:large, max-video-preview:-1\" \/>\n<link rel=\"canonical\" href=\"https:\/\/natexgroup.com\/damast-shop\/fr\/conditions-generales\/\" \/>\n<meta property=\"og:locale\" content=\"fr_FR\" \/>\n<meta property=\"og:type\" content=\"article\" \/>\n<meta property=\"og:title\" content=\"Conditions g\u00e9n\u00e9rales | Natex Group\" \/>\n<meta property=\"og:url\" content=\"https:\/\/natexgroup.com\/damast-shop\/fr\/conditions-generales\/\" \/>\n<meta property=\"og:site_name\" content=\"Natex Group\" \/>\n<meta property=\"article:modified_time\" content=\"2018-07-24T12:41:54+00:00\" \/>\n<meta name=\"twitter:card\" content=\"summary_large_image\" \/>\n<meta name=\"twitter:label1\" content=\"Dur\u00e9e de lecture estim\u00e9e\" \/>\n\t<meta name=\"twitter:data1\" content=\"9 minutes\" \/>\n<script type=\"application\/ld+json\" class=\"yoast-schema-graph\">{\"@context\":\"https:\/\/schema.org\",\"@graph\":[{\"@type\":\"WebPage\",\"@id\":\"https:\/\/natexgroup.com\/damast-shop\/fr\/conditions-generales\/\",\"url\":\"https:\/\/natexgroup.com\/damast-shop\/fr\/conditions-generales\/\",\"name\":\"Conditions g\u00e9n\u00e9rales | Natex Group\",\"isPartOf\":{\"@id\":\"https:\/\/natexgroup.com\/damast-shop\/fr\/#website\"},\"datePublished\":\"2018-07-23T17:07:16+00:00\",\"dateModified\":\"2018-07-24T12:41:54+00:00\",\"breadcrumb\":{\"@id\":\"https:\/\/natexgroup.com\/damast-shop\/fr\/conditions-generales\/#breadcrumb\"},\"inLanguage\":\"fr-FR\",\"potentialAction\":[{\"@type\":\"ReadAction\",\"target\":[\"https:\/\/natexgroup.com\/damast-shop\/fr\/conditions-generales\/\"]}]},{\"@type\":\"BreadcrumbList\",\"@id\":\"https:\/\/natexgroup.com\/damast-shop\/fr\/conditions-generales\/#breadcrumb\",\"itemListElement\":[{\"@type\":\"ListItem\",\"position\":1,\"name\":\"Startseite\",\"item\":\"https:\/\/natexgroup.com\/damast-shop\/fr\/\"},{\"@type\":\"ListItem\",\"position\":2,\"name\":\"Conditions g\u00e9n\u00e9rales\"}]},{\"@type\":\"WebSite\",\"@id\":\"https:\/\/natexgroup.com\/damast-shop\/fr\/#website\",\"url\":\"https:\/\/natexgroup.com\/damast-shop\/fr\/\",\"name\":\"Natex Group\",\"description\":\"Spitzen, Damast, Automotiv, Medizin, technische Textilien, Gardinen, Mikrofaser\",\"publisher\":{\"@id\":\"https:\/\/natexgroup.com\/damast-shop\/fr\/#organization\"},\"potentialAction\":[{\"@type\":\"SearchAction\",\"target\":{\"@type\":\"EntryPoint\",\"urlTemplate\":\"https:\/\/natexgroup.com\/damast-shop\/fr\/?s={search_term_string}\"},\"query-input\":{\"@type\":\"PropertyValueSpecification\",\"valueRequired\":true,\"valueName\":\"search_term_string\"}}],\"inLanguage\":\"fr-FR\"},{\"@type\":\"Organization\",\"@id\":\"https:\/\/natexgroup.com\/damast-shop\/fr\/#organization\",\"name\":\"J\u00f6rg Nachbaur\",\"url\":\"https:\/\/natexgroup.com\/damast-shop\/fr\/\",\"logo\":{\"@type\":\"ImageObject\",\"inLanguage\":\"fr-FR\",\"@id\":\"https:\/\/natexgroup.com\/damast-shop\/fr\/#\/schema\/logo\/image\/\",\"url\":\"http:\/\/natexgroup.com\/damast-shop\/wp-content\/uploads\/natex-group-148.png\",\"contentUrl\":\"http:\/\/natexgroup.com\/damast-shop\/wp-content\/uploads\/natex-group-148.png\",\"width\":466,\"height\":148,\"caption\":\"J\u00f6rg Nachbaur\"},\"image\":{\"@id\":\"https:\/\/natexgroup.com\/damast-shop\/fr\/#\/schema\/logo\/image\/\"}}]}<\/script>\n<!-- \/ Yoast SEO plugin. -->","yoast_head_json":{"title":"Conditions g\u00e9n\u00e9rales | Natex Group","robots":{"index":"index","follow":"follow","max-snippet":"max-snippet:-1","max-image-preview":"max-image-preview:large","max-video-preview":"max-video-preview:-1"},"canonical":"https:\/\/natexgroup.com\/damast-shop\/fr\/conditions-generales\/","og_locale":"fr_FR","og_type":"article","og_title":"Conditions g\u00e9n\u00e9rales | Natex Group","og_url":"https:\/\/natexgroup.com\/damast-shop\/fr\/conditions-generales\/","og_site_name":"Natex Group","article_modified_time":"2018-07-24T12:41:54+00:00","twitter_card":"summary_large_image","twitter_misc":{"Dur\u00e9e de lecture estim\u00e9e":"9 minutes"},"schema":{"@context":"https:\/\/schema.org","@graph":[{"@type":"WebPage","@id":"https:\/\/natexgroup.com\/damast-shop\/fr\/conditions-generales\/","url":"https:\/\/natexgroup.com\/damast-shop\/fr\/conditions-generales\/","name":"Conditions g\u00e9n\u00e9rales | Natex Group","isPartOf":{"@id":"https:\/\/natexgroup.com\/damast-shop\/fr\/#website"},"datePublished":"2018-07-23T17:07:16+00:00","dateModified":"2018-07-24T12:41:54+00:00","breadcrumb":{"@id":"https:\/\/natexgroup.com\/damast-shop\/fr\/conditions-generales\/#breadcrumb"},"inLanguage":"fr-FR","potentialAction":[{"@type":"ReadAction","target":["https:\/\/natexgroup.com\/damast-shop\/fr\/conditions-generales\/"]}]},{"@type":"BreadcrumbList","@id":"https:\/\/natexgroup.com\/damast-shop\/fr\/conditions-generales\/#breadcrumb","itemListElement":[{"@type":"ListItem","position":1,"name":"Startseite","item":"https:\/\/natexgroup.com\/damast-shop\/fr\/"},{"@type":"ListItem","position":2,"name":"Conditions g\u00e9n\u00e9rales"}]},{"@type":"WebSite","@id":"https:\/\/natexgroup.com\/damast-shop\/fr\/#website","url":"https:\/\/natexgroup.com\/damast-shop\/fr\/","name":"Natex Group","description":"Spitzen, Damast, Automotiv, Medizin, technische Textilien, Gardinen, Mikrofaser","publisher":{"@id":"https:\/\/natexgroup.com\/damast-shop\/fr\/#organization"},"potentialAction":[{"@type":"SearchAction","target":{"@type":"EntryPoint","urlTemplate":"https:\/\/natexgroup.com\/damast-shop\/fr\/?s={search_term_string}"},"query-input":{"@type":"PropertyValueSpecification","valueRequired":true,"valueName":"search_term_string"}}],"inLanguage":"fr-FR"},{"@type":"Organization","@id":"https:\/\/natexgroup.com\/damast-shop\/fr\/#organization","name":"J\u00f6rg Nachbaur","url":"https:\/\/natexgroup.com\/damast-shop\/fr\/","logo":{"@type":"ImageObject","inLanguage":"fr-FR","@id":"https:\/\/natexgroup.com\/damast-shop\/fr\/#\/schema\/logo\/image\/","url":"http:\/\/natexgroup.com\/damast-shop\/wp-content\/uploads\/natex-group-148.png","contentUrl":"http:\/\/natexgroup.com\/damast-shop\/wp-content\/uploads\/natex-group-148.png","width":466,"height":148,"caption":"J\u00f6rg Nachbaur"},"image":{"@id":"https:\/\/natexgroup.com\/damast-shop\/fr\/#\/schema\/logo\/image\/"}}]}},"_links":{"self":[{"href":"https:\/\/natexgroup.com\/damast-shop\/fr\/wp-json\/wp\/v2\/pages\/2269","targetHints":{"allow":["GET"]}}],"collection":[{"href":"https:\/\/natexgroup.com\/damast-shop\/fr\/wp-json\/wp\/v2\/pages"}],"about":[{"href":"https:\/\/natexgroup.com\/damast-shop\/fr\/wp-json\/wp\/v2\/types\/page"}],"author":[{"embeddable":true,"href":"https:\/\/natexgroup.com\/damast-shop\/fr\/wp-json\/wp\/v2\/users\/4"}],"replies":[{"embeddable":true,"href":"https:\/\/natexgroup.com\/damast-shop\/fr\/wp-json\/wp\/v2\/comments?post=2269"}],"version-history":[{"count":2,"href":"https:\/\/natexgroup.com\/damast-shop\/fr\/wp-json\/wp\/v2\/pages\/2269\/revisions"}],"predecessor-version":[{"id":2273,"href":"https:\/\/natexgroup.com\/damast-shop\/fr\/wp-json\/wp\/v2\/pages\/2269\/revisions\/2273"}],"wp:attachment":[{"href":"https:\/\/natexgroup.com\/damast-shop\/fr\/wp-json\/wp\/v2\/media?parent=2269"}],"curies":[{"name":"wp","href":"https:\/\/api.w.org\/{rel}","templated":true}]}}