{"id":2378,"date":"2018-10-11T10:41:41","date_gmt":"2018-10-11T08:41:41","guid":{"rendered":"http:\/\/natexgroup.com\/damast-shop\/product\/diamond-super-160-cm\/"},"modified":"2018-11-20T12:23:54","modified_gmt":"2018-11-20T11:23:54","slug":"diamond-super-160-cm","status":"publish","type":"product","link":"https:\/\/natexgroup.com\/damast-shop\/fr\/produit\/diamond-super-160-cm\/","title":{"rendered":"Diamond Super 160 cm"},"content":{"rendered":"<div class=\"anyipsum-output\">\n<ul>\n<li>qualit\u00e9 excellente<\/li>\n<li>tissu \u00e9l\u00e9gant<\/li>\n<li>brillance in\u00e9gal\u00e9e<\/li>\n<li>couleurs magnifiques et brillantes<\/li>\n<li>dessins modernes et nobles<\/li>\n<li>avec parfum d\u00e9licat de p\u00e9tales de rose<\/li>\n<\/ul>\n<p>Le cr\u00e9pitement passionnant et la brillance ravissante de ces tissus exclusifs \u00e9veillent des sentiments de joie\u00a0!<\/p>\n<\/div>\n","protected":false},"excerpt":{"rendered":"<p>qualit\u00e9 excellente tissu \u00e9l\u00e9gant brillance in\u00e9gal\u00e9e couleurs magnifiques et brillantes dessins modernes et nobles avec parfum d\u00e9licat de p\u00e9tales de rose Le cr\u00e9pitement passionnant et la brillance ravissante de ces tissus exclusifs \u00e9veillent des sentiments de joie\u00a0!<\/p>\n","protected":false},"featured_media":2452,"comment_status":"closed","ping_status":"closed","template":"","meta":[],"product_brand":[],"product_cat":[471],"product_tag":[],"class_list":{"0":"post-2378","1":"product","2":"type-product","3":"status-publish","4":"has-post-thumbnail","6":"product_cat-damas-cat","8":"first","9":"instock","10":"taxable","11":"shipping-taxable","12":"purchasable","13":"product-type-variable","14":"has-default-attributes"},"yoast_head":"<!-- This site is optimized with the Yoast SEO plugin v26.3 - https:\/\/yoast.com\/wordpress\/plugins\/seo\/ -->\n<title>Diamond Super 160 cm | Natex Group<\/title>\n<meta name=\"robots\" content=\"index, follow, max-snippet:-1, max-image-preview:large, max-video-preview:-1\" \/>\n<link rel=\"canonical\" href=\"https:\/\/natexgroup.com\/damast-shop\/fr\/produit\/diamond-super-160-cm\/\" \/>\n<meta property=\"og:locale\" content=\"fr_FR\" \/>\n<meta property=\"og:type\" content=\"article\" \/>\n<meta property=\"og:title\" content=\"Diamond Super 160 cm | Natex Group\" \/>\n<meta property=\"og:description\" content=\"qualit\u00e9 excellente tissu \u00e9l\u00e9gant brillance in\u00e9gal\u00e9e couleurs magnifiques et brillantes dessins modernes et nobles avec parfum d\u00e9licat de p\u00e9tales de rose Le cr\u00e9pitement passionnant et la brillance ravissante de ces tissus exclusifs \u00e9veillent des sentiments de joie\u00a0!\" \/>\n<meta property=\"og:url\" content=\"https:\/\/natexgroup.com\/damast-shop\/fr\/produit\/diamond-super-160-cm\/\" \/>\n<meta property=\"og:site_name\" content=\"Natex Group\" \/>\n<meta property=\"article:modified_time\" content=\"2018-11-20T11:23:54+00:00\" \/>\n<meta property=\"og:image\" content=\"https:\/\/natexgroup.com\/damast-shop\/wp-content\/uploads\/686-teal.jpg\" \/>\n\t<meta property=\"og:image:width\" content=\"1100\" \/>\n\t<meta property=\"og:image:height\" content=\"1100\" \/>\n\t<meta property=\"og:image:type\" content=\"image\/jpeg\" \/>\n<meta name=\"twitter:card\" content=\"summary_large_image\" \/>\n<script type=\"application\/ld+json\" class=\"yoast-schema-graph\">{\"@context\":\"https:\/\/schema.org\",\"@graph\":[{\"@type\":\"WebPage\",\"@id\":\"https:\/\/natexgroup.com\/damast-shop\/fr\/produit\/diamond-super-160-cm\/\",\"url\":\"https:\/\/natexgroup.com\/damast-shop\/fr\/produit\/diamond-super-160-cm\/\",\"name\":\"Diamond Super 160 cm | Natex Group\",\"isPartOf\":{\"@id\":\"https:\/\/natexgroup.com\/damast-shop\/fr\/#website\"},\"primaryImageOfPage\":{\"@id\":\"https:\/\/natexgroup.com\/damast-shop\/fr\/produit\/diamond-super-160-cm\/#primaryimage\"},\"image\":{\"@id\":\"https:\/\/natexgroup.com\/damast-shop\/fr\/produit\/diamond-super-160-cm\/#primaryimage\"},\"thumbnailUrl\":\"https:\/\/natexgroup.com\/damast-shop\/wp-content\/uploads\/686-teal.jpg\",\"datePublished\":\"2018-10-11T08:41:41+00:00\",\"dateModified\":\"2018-11-20T11:23:54+00:00\",\"breadcrumb\":{\"@id\":\"https:\/\/natexgroup.com\/damast-shop\/fr\/produit\/diamond-super-160-cm\/#breadcrumb\"},\"inLanguage\":\"fr-FR\",\"potentialAction\":[{\"@type\":\"ReadAction\",\"target\":[\"https:\/\/natexgroup.com\/damast-shop\/fr\/produit\/diamond-super-160-cm\/\"]}]},{\"@type\":\"ImageObject\",\"inLanguage\":\"fr-FR\",\"@id\":\"https:\/\/natexgroup.com\/damast-shop\/fr\/produit\/diamond-super-160-cm\/#primaryimage\",\"url\":\"https:\/\/natexgroup.com\/damast-shop\/wp-content\/uploads\/686-teal.jpg\",\"contentUrl\":\"https:\/\/natexgroup.com\/damast-shop\/wp-content\/uploads\/686-teal.jpg\",\"width\":1100,\"height\":1100},{\"@type\":\"BreadcrumbList\",\"@id\":\"https:\/\/natexgroup.com\/damast-shop\/fr\/produit\/diamond-super-160-cm\/#breadcrumb\",\"itemListElement\":[{\"@type\":\"ListItem\",\"position\":1,\"name\":\"Startseite\",\"item\":\"https:\/\/natexgroup.com\/damast-shop\/fr\/\"},{\"@type\":\"ListItem\",\"position\":2,\"name\":\"Shop\",\"item\":\"https:\/\/natexgroup.com\/damast-shop\/fr\/\"},{\"@type\":\"ListItem\",\"position\":3,\"name\":\"Diamond Super 160 cm\"}]},{\"@type\":\"WebSite\",\"@id\":\"https:\/\/natexgroup.com\/damast-shop\/fr\/#website\",\"url\":\"https:\/\/natexgroup.com\/damast-shop\/fr\/\",\"name\":\"Natex Group\",\"description\":\"Spitzen, Damast, Automotiv, Medizin, technische Textilien, Gardinen, Mikrofaser\",\"publisher\":{\"@id\":\"https:\/\/natexgroup.com\/damast-shop\/fr\/#organization\"},\"potentialAction\":[{\"@type\":\"SearchAction\",\"target\":{\"@type\":\"EntryPoint\",\"urlTemplate\":\"https:\/\/natexgroup.com\/damast-shop\/fr\/?s={search_term_string}\"},\"query-input\":{\"@type\":\"PropertyValueSpecification\",\"valueRequired\":true,\"valueName\":\"search_term_string\"}}],\"inLanguage\":\"fr-FR\"},{\"@type\":\"Organization\",\"@id\":\"https:\/\/natexgroup.com\/damast-shop\/fr\/#organization\",\"name\":\"J\u00f6rg Nachbaur\",\"url\":\"https:\/\/natexgroup.com\/damast-shop\/fr\/\",\"logo\":{\"@type\":\"ImageObject\",\"inLanguage\":\"fr-FR\",\"@id\":\"https:\/\/natexgroup.com\/damast-shop\/fr\/#\/schema\/logo\/image\/\",\"url\":\"http:\/\/natexgroup.com\/damast-shop\/wp-content\/uploads\/natex-group-148.png\",\"contentUrl\":\"http:\/\/natexgroup.com\/damast-shop\/wp-content\/uploads\/natex-group-148.png\",\"width\":466,\"height\":148,\"caption\":\"J\u00f6rg Nachbaur\"},\"image\":{\"@id\":\"https:\/\/natexgroup.com\/damast-shop\/fr\/#\/schema\/logo\/image\/\"}}]}<\/script>\n<!-- \/ Yoast SEO plugin. -->","yoast_head_json":{"title":"Diamond Super 160 cm | Natex Group","robots":{"index":"index","follow":"follow","max-snippet":"max-snippet:-1","max-image-preview":"max-image-preview:large","max-video-preview":"max-video-preview:-1"},"canonical":"https:\/\/natexgroup.com\/damast-shop\/fr\/produit\/diamond-super-160-cm\/","og_locale":"fr_FR","og_type":"article","og_title":"Diamond Super 160 cm | Natex Group","og_description":"qualit\u00e9 excellente tissu \u00e9l\u00e9gant brillance in\u00e9gal\u00e9e couleurs magnifiques et brillantes dessins modernes et nobles avec parfum d\u00e9licat de p\u00e9tales de rose Le cr\u00e9pitement passionnant et la brillance ravissante de ces tissus exclusifs \u00e9veillent des sentiments de joie\u00a0!","og_url":"https:\/\/natexgroup.com\/damast-shop\/fr\/produit\/diamond-super-160-cm\/","og_site_name":"Natex Group","article_modified_time":"2018-11-20T11:23:54+00:00","og_image":[{"width":1100,"height":1100,"url":"https:\/\/natexgroup.com\/damast-shop\/wp-content\/uploads\/686-teal.jpg","type":"image\/jpeg"}],"twitter_card":"summary_large_image","schema":{"@context":"https:\/\/schema.org","@graph":[{"@type":"WebPage","@id":"https:\/\/natexgroup.com\/damast-shop\/fr\/produit\/diamond-super-160-cm\/","url":"https:\/\/natexgroup.com\/damast-shop\/fr\/produit\/diamond-super-160-cm\/","name":"Diamond Super 160 cm | Natex Group","isPartOf":{"@id":"https:\/\/natexgroup.com\/damast-shop\/fr\/#website"},"primaryImageOfPage":{"@id":"https:\/\/natexgroup.com\/damast-shop\/fr\/produit\/diamond-super-160-cm\/#primaryimage"},"image":{"@id":"https:\/\/natexgroup.com\/damast-shop\/fr\/produit\/diamond-super-160-cm\/#primaryimage"},"thumbnailUrl":"https:\/\/natexgroup.com\/damast-shop\/wp-content\/uploads\/686-teal.jpg","datePublished":"2018-10-11T08:41:41+00:00","dateModified":"2018-11-20T11:23:54+00:00","breadcrumb":{"@id":"https:\/\/natexgroup.com\/damast-shop\/fr\/produit\/diamond-super-160-cm\/#breadcrumb"},"inLanguage":"fr-FR","potentialAction":[{"@type":"ReadAction","target":["https:\/\/natexgroup.com\/damast-shop\/fr\/produit\/diamond-super-160-cm\/"]}]},{"@type":"ImageObject","inLanguage":"fr-FR","@id":"https:\/\/natexgroup.com\/damast-shop\/fr\/produit\/diamond-super-160-cm\/#primaryimage","url":"https:\/\/natexgroup.com\/damast-shop\/wp-content\/uploads\/686-teal.jpg","contentUrl":"https:\/\/natexgroup.com\/damast-shop\/wp-content\/uploads\/686-teal.jpg","width":1100,"height":1100},{"@type":"BreadcrumbList","@id":"https:\/\/natexgroup.com\/damast-shop\/fr\/produit\/diamond-super-160-cm\/#breadcrumb","itemListElement":[{"@type":"ListItem","position":1,"name":"Startseite","item":"https:\/\/natexgroup.com\/damast-shop\/fr\/"},{"@type":"ListItem","position":2,"name":"Shop","item":"https:\/\/natexgroup.com\/damast-shop\/fr\/"},{"@type":"ListItem","position":3,"name":"Diamond Super 160 cm"}]},{"@type":"WebSite","@id":"https:\/\/natexgroup.com\/damast-shop\/fr\/#website","url":"https:\/\/natexgroup.com\/damast-shop\/fr\/","name":"Natex Group","description":"Spitzen, Damast, Automotiv, Medizin, technische Textilien, Gardinen, Mikrofaser","publisher":{"@id":"https:\/\/natexgroup.com\/damast-shop\/fr\/#organization"},"potentialAction":[{"@type":"SearchAction","target":{"@type":"EntryPoint","urlTemplate":"https:\/\/natexgroup.com\/damast-shop\/fr\/?s={search_term_string}"},"query-input":{"@type":"PropertyValueSpecification","valueRequired":true,"valueName":"search_term_string"}}],"inLanguage":"fr-FR"},{"@type":"Organization","@id":"https:\/\/natexgroup.com\/damast-shop\/fr\/#organization","name":"J\u00f6rg Nachbaur","url":"https:\/\/natexgroup.com\/damast-shop\/fr\/","logo":{"@type":"ImageObject","inLanguage":"fr-FR","@id":"https:\/\/natexgroup.com\/damast-shop\/fr\/#\/schema\/logo\/image\/","url":"http:\/\/natexgroup.com\/damast-shop\/wp-content\/uploads\/natex-group-148.png","contentUrl":"http:\/\/natexgroup.com\/damast-shop\/wp-content\/uploads\/natex-group-148.png","width":466,"height":148,"caption":"J\u00f6rg Nachbaur"},"image":{"@id":"https:\/\/natexgroup.com\/damast-shop\/fr\/#\/schema\/logo\/image\/"}}]}},"_links":{"self":[{"href":"https:\/\/natexgroup.com\/damast-shop\/fr\/wp-json\/wp\/v2\/product\/2378","targetHints":{"allow":["GET"]}}],"collection":[{"href":"https:\/\/natexgroup.com\/damast-shop\/fr\/wp-json\/wp\/v2\/product"}],"about":[{"href":"https:\/\/natexgroup.com\/damast-shop\/fr\/wp-json\/wp\/v2\/types\/product"}],"replies":[{"embeddable":true,"href":"https:\/\/natexgroup.com\/damast-shop\/fr\/wp-json\/wp\/v2\/comments?post=2378"}],"wp:featuredmedia":[{"embeddable":true,"href":"https:\/\/natexgroup.com\/damast-shop\/fr\/wp-json\/wp\/v2\/media\/2452"}],"wp:attachment":[{"href":"https:\/\/natexgroup.com\/damast-shop\/fr\/wp-json\/wp\/v2\/media?parent=2378"}],"wp:term":[{"taxonomy":"product_brand","embeddable":true,"href":"https:\/\/natexgroup.com\/damast-shop\/fr\/wp-json\/wp\/v2\/product_brand?post=2378"},{"taxonomy":"product_cat","embeddable":true,"href":"https:\/\/natexgroup.com\/damast-shop\/fr\/wp-json\/wp\/v2\/product_cat?post=2378"},{"taxonomy":"product_tag","embeddable":true,"href":"https:\/\/natexgroup.com\/damast-shop\/fr\/wp-json\/wp\/v2\/product_tag?post=2378"}],"curies":[{"name":"wp","href":"https:\/\/api.w.org\/{rel}","templated":true}]}}