{"id":848,"date":"2018-02-07T17:07:12","date_gmt":"2018-02-07T16:07:12","guid":{"rendered":"http:\/\/natexgroup.com\/damast-shop\/agb\/"},"modified":"2018-07-23T18:57:02","modified_gmt":"2018-07-23T16:57:02","slug":"agb","status":"publish","type":"page","link":"https:\/\/natexgroup.com\/damast-shop\/agb\/","title":{"rendered":"AGB"},"content":{"rendered":"<div class=\"fusion-fullwidth fullwidth-box fusion-builder-row-1 nonhundred-percent-fullwidth non-hundred-percent-height-scrolling\" style=\"--awb-border-radius-top-left:0px;--awb-border-radius-top-right:0px;--awb-border-radius-bottom-right:0px;--awb-border-radius-bottom-left:0px;--awb-flex-wrap:wrap;\" ><div class=\"fusion-builder-row fusion-row\"><div class=\"fusion-layout-column fusion_builder_column fusion-builder-column-0 fusion_builder_column_1_1 1_1 fusion-one-full fusion-column-first fusion-column-last\" style=\"--awb-bg-size:cover;--awb-margin-bottom:0px;\"><div class=\"fusion-column-wrapper fusion-flex-column-wrapper-legacy\"><div class=\"fusion-text fusion-text-1\"><h2>Allgemeine Gesch\u00e4ftsbedingungen f\u00fcr Verkauf, Lieferung und Zahlung<\/h2>\n<ol>\n<li><strong>Geltung der Bedingungen<\/strong><\/li>\n<\/ol>\n<p>Unsere Lieferungen, Leistungen und Angebote erfolgen ausschlie\u00dflich auf Grund dieser Gesch\u00e4ftsbedingungen. Sie gelten auch f\u00fcr alle zuk\u00fcnftigen Gesch\u00e4ftsbeziehungen, auch wenn sie nicht nochmals ausdr\u00fccklich vereinbart werden. Der K\u00e4ufer erkl\u00e4rt sich bei Auftragserteilung mit diesen Gesch\u00e4ftsbedingungen einverstanden. Stillschweigen des Verk\u00e4ufers oder Erf\u00fcllung der Vertragsleistung gelten in keinem Fall als Zustimmung zu etwaigen Bedingungen des K\u00e4ufers. Abweichungen von diesen Gesch\u00e4ftsbedingungen sind nur wirksam, wenn wir sie schriftlich best\u00e4tigt haben.<\/p>\n<ol start=\"2\">\n<li><strong>Angebot und Vertragsabschluss<\/strong><\/li>\n<\/ol>\n<p>F\u00fcr alle Vereinbarungen gelten nachstehende Bedingungen. Unsere Angebote sind freibleibend und unverbindlich. Der Kunde ist vier Wochen an seinen Auftrag gebunden. Auftr\u00e4ge werden erst f\u00fcr uns verbindlich, wenn sie schriftlich best\u00e4tigt oder ausgef\u00fchrt wurden. Das gleiche gilt f\u00fcr Erg\u00e4nzungen, Nebenabreden, Vorbehalte, Ab\u00e4nderung, sowie die Zusicherung von Eigenschaften. Zahlungs- und Erf\u00fcllungsort ist 6840 G\u00f6tzis\/\u00d6sterreich, Gerichtsstand Feldkirch. Das gilt auch f\u00fcr Anspr\u00fcche aus Wechseln oder Schecks, die an anderen Orten zahlbar sind, sowie f\u00fcr die Durchf\u00fchrung des gerichtlichen Mahnverfahrens, und wenn der Schuldner seinen Wohnsitz oder gew\u00f6hnlichen Aufenthalt aus dem Geltungsbereich der Zivilprozessordnung verlegt oder seinen Wohnsitz oder gew\u00f6hnlichen Aufenthalt zum Zeitpunkt einer Klageerhebung nicht bekannt ist. F\u00fcr Art und Umfang der Lieferungen und Leistungen ist eine schriftliche Auftragsbest\u00e4tigung des Verk\u00e4ufers ma\u00dfgebend. Der Verk\u00e4ufer beh\u00e4lt sich handels\u00fcbliche Abweichungen hinsichtlich der in Prospekten, Abbildungen, Zeichnungen und Beschreibungen angegebenen Leistungen, insbesondere hinsichtlich der Ma\u00dfe und Farben sowie Konstruktions- und Form\u00e4nderungen, welche vom Tage der Auftragserteilung bis zur Auslieferung durchgef\u00fchrt werden, vor, sowie sonstige Abweichungen, durch die die Verwendung zu dem vertragsm\u00e4\u00dfigen Zweck nicht eingeschr\u00e4nkt wird, ohne dass der K\u00e4ufer Anspr\u00fcche daraus herleiten kann. Die zu den Angeboten geh\u00f6renden Unterlagen, wie Abbildungen, Zeichnungen, Gewichts- oder Ma\u00dfangaben bzw. sonstige technische Daten oder Angaben, kennzeichnen lediglich den Vertragsgegenstand und stellen keine Eigenschaftszusicherung dar.<\/p>\n<ol start=\"3\">\n<li><strong>Zahlungsbedingungen<\/strong><\/li>\n<\/ol>\n<p>Falls nicht anders vereinbart, haben s\u00e4mtliche Zahlungen sofort nach Rechnungserhalt ohne Abzug zu erfolgen. Sofern nichts anderes vereinbart ist, verstehen sich die Preise stets ab Werk ohne Fracht, Verpackung, Versicherung, Montage und Mehrwertsteuer. Wechsel und Schecks werden nur nach besonderer Vereinbarung und nur zahlungshalber angenommen. Diskont-, Bank- und Wechselspesen sind vom Kunden zu tragen. Unsere gesamte Forderung gegen den Schuldner wird f\u00e4llig, wenn ein Wechsel oder Scheck nicht eingel\u00f6st wird oder wenn bei Abzahlungsgesch\u00e4ften der Schuldner mit zwei aufeinander folgenden Raten in Verzug ist. Wir sind berechtigt, trotz anders lautender Bestimmung des Kunden, Zahlungen zun\u00e4chst auf dessen \u00e4ltere Schulden anzurechnen, wobei der Kunde ausdr\u00fccklich auf eine Verj\u00e4hrung der Forderung verzichtet. Sind bereits Kosten und Zinsen entstanden, so sind wir berechtigt, die Zahlung zun\u00e4chst auf die Kosten, dann auf die Zinsen und zuletzt auf die Hauptleistung anzurechnen. Bei Ziel\u00fcberschreitung werden unbeschadet weitergehender Rechte Verzugszinsen in H\u00f6he von 5% \u00fcber dem jeweiligen Diskontsatz der \u00d6sterreichischen Nationalbank berechnet. Der Kunde ist zur Aufrechnung, Zur\u00fcckbehaltung oder Minderung, auch wenn M\u00e4ngelr\u00fcgen oder Gegenanspr\u00fcche geltend gemacht werden, nur berechtigt, wenn die Gegenanspr\u00fcche rechts festgestellt wurden oder unstreitig sind.<\/p>\n<ol start=\"4\">\n<li><strong>Lieferung<\/strong><\/li>\n<\/ol>\n<p>Der Versand erfolgt auf Rechnung und Gefahr des K\u00e4ufers, wenn nicht ausdr\u00fccklich etwas anderes vereinbart wurde. Letzteres auch dann, wenn frachtfreie Lieferung oder Transportmittel des Verk\u00e4ufers vereinbart wurde. Bei \u00dcberschreitung einer vereinbarten Lieferfrist um mehr als 6 Wochen kann der Besteller vom Vertrag zur\u00fccktreten. Weitere Anspr\u00fcche, insbesondere auf Schadenersatz, sind ausgeschlossen. Liefer- und Leistungsverz\u00f6gerungen auf Grund h\u00f6herer Gewalt und auf Grund von Materialbeschaffungsschwierigkeiten, Betriebsst\u00f6rungen, Streik, Aussperrung, Personalmangel, Mangel an Transportmitteln, beh\u00f6rdlichen Anordnungen usw., auch wenn sie bei Lieferanten des Verk\u00e4ufers oder deren Unterlieferanten eingetreten sind, berechtigen den Verk\u00e4ufer, die Lieferung bzw. die Leistung um die Dauer der Behinderung zuz\u00fcglich einer angemessenen Verz\u00f6gerungszeit hinauszuschieben. Der Verk\u00e4ufer ist zu Teillieferungen und Teilleistungen und bei entsprechenden vorherigen Ank\u00fcndigungen auch zur vorzeitigen Lieferung berechtigt.<\/p>\n<ol start=\"5\">\n<li><strong>Eigentumsvorbehalt<\/strong><\/li>\n<\/ol>\n<p>Bis vollst\u00e4ndiger Bezahlung s\u00e4mtlicher dem Verk\u00e4ufer aus der Gesch\u00e4ftsverbindung mit dem K\u00e4ufer zustehenden Forderungen bleiben alle gelieferten Waren Eigentum des Verk\u00e4ufers. Der Kunde ist berechtigt, die Ware im Rahmen eines ordnungsgem\u00e4\u00dfen Gesch\u00e4ftsganges zu verarbeiten, zu ver\u00e4u\u00dfern, oder in andere Gengenst\u00e4nde einzubauen, jedoch nur, solange der Kunde sich nicht mit irgendeiner Zahlung im Verzuge befindet sowie unter Ber\u00fccksichtigung der nachfolgenden Bestimmungen. Verpf\u00e4ndung oder Sicherungs\u00fcbereignung der Vorbehaltsware bzw. der abgetretenen Forderung ist unzul\u00e4ssig. Durch Verarbeitung der Vorbehaltsware erwirbt der Kunde nicht das Eigentum gem\u00e4\u00df ABGB an der neuen Sache. Die Verarbeitung wird durch den Kunden f\u00fcr die Natexgroup vorgenommen. Der Kunde verwahrt diese Ware jedoch unentgeltlich. Wenn die Vorbehaltsware mit anderen, dem Kunden nicht geh\u00f6renden Gegenst\u00e4nden verarbeitet wird, erwirbt die Natexgroup das Miteigentum an der neuen Sache im Verh\u00e4ltnis der Werte der Vorbehaltsware zu den anderen verarbeiteten Gegenst\u00e4nden gem\u00e4\u00df dem Paragraphen des ABGB. Auch in diesem Fall verwahrt der Kunde diese Ware unentgeltlich. Der Kunde tritt hiermit die aus einem Weiterverkauf oder aus einem sonstigen Rechtsgrund (Versicherung, unerlaubte Handlung) bez\u00fcglich der Vorbehaltsware entstehenden Forderungen (einschlie\u00dflich aller Saldoforderungen aus Kontokorrent) sicherungshalber an die Natexgroup ab, und zwar auch insoweit, als die Ware verarbeitet ist. Von Pf\u00e4ndungen oder Zugriffen Dritter auf die Vorbehaltsware ist die Natexgroup unter Angabe des Pf\u00e4ndungsgl\u00e4ubigers sofort zu benachrichtigen. Diese Dritten sind auf das Eigentum der Natexgroup hinzuweisen. S\u00e4mtliche in diesem Zusammenhang entstehenden Kosten tr\u00e4gt der Kunde. Bei vertragswidrigen Verhalten des Kunden, insbesondere Zahlungsverzug, ist die Natexgroup berechtigt, die Vorbehaltsware auf Kosten des Kunden zur\u00fcckzunehmen. In der Zur\u00fccknahme sowie in der Pf\u00e4ndung der Ware durch die Natexgroup liegt kein R\u00fccktritt vom Vertrage.<\/p>\n<ol start=\"6\">\n<li><strong>M\u00e4ngelhaftung<\/strong><\/li>\n<\/ol>\n<p>M\u00e4ngelr\u00fcgen m\u00fcssen bei erkennbaren M\u00e4ngeln und bei verborgenen M\u00e4ngeln nach deren Entdeckung innerhalb von 10 Tagen schriftlich bei uns in 6840 G\u00f6tzis\/\u00d6sterreich erhoben werden. Bei Vers\u00e4umung dieser Frist k\u00f6nnen Gew\u00e4hrleistungsanspr\u00fcche nicht mehr geltend gemacht werden. Hat ein Dritter die gelieferte Ware repariert oder zu reparieren versucht, ist jede Beanstandung ausgeschlossen. Im Falle begr\u00fcndeter M\u00e4ngelr\u00fcge sind wir verpflichtet, kostenlos nach unserer Wahl f\u00fcr Nachbesserung zu sorgen bzw. die fehlerhaften Teile oder das Verkaufsprodukt zu ersetzen. Die Kosten der Nachbesserung tr\u00e4gt der Kunde, soweit sie dadurch entstehen, dass die Verkaufsware an einen anderen Ort als an den Wohnsitz oder die gewerbliche Niederlassung verbracht wurden. Anspruch auf Gew\u00e4hrleistung entf\u00e4llt, wenn wir Nachbesserung gew\u00e4hlt haben und der Kunde die f\u00fcr die Nachbesserung erforderlichen Ma\u00dfnahmen nicht trifft und eine R\u00fcckg\u00e4ngigmachung des Vertrags verlangt, nachdem ein Termin vereinbart wurde. Die R\u00fcckg\u00e4ngigmachung muss schriftlich innerhalb einer Woche in 6840 G\u00f6tzis\/\u00d6sterreich erkl\u00e4rt werden, nachdem zweifelsfrei feststeht, oder wir dem Kunden schriftlich erkl\u00e4rt haben, dass wir zur Nachbesserung oder Ersatzlieferung nicht in der Lage sind. Weitere Anspr\u00fcche, insbesondere auf Wandlung, Minderung oder Schadenersatz wegen Nichterf\u00fcllung oder auf Ersatz eines mittelbaren oder unmittelbaren Schadens sind ausgeschlossen. Gew\u00e4hrleistungsanspr\u00fcche sind ausgeschlossen bei nat\u00fcrlichem Verschlei\u00df und bei unsachgem\u00e4\u00dfer oder unfachm\u00e4nnischer Behandlung. Bei Produkten II. Wahl ist jede M\u00e4ngelhaftung ausgeschlossen. Bei Waren, die wir nicht produzieren, sondern lediglich vertreiben, beschr\u00e4nkt sich die Gew\u00e4hrleistung auf die uns gegen den Lieferanten zustehenden Rechte. Wir sind berechtigt, zur \u00dcberpr\u00fcfung die R\u00fccksendung des beanstandeten Teiles zu verlangen, bevor wir Ersatz liefern. Die vorstehenden Abs\u00e4tze enthalten abschlie\u00dfend die Gew\u00e4hrleistung der Ware und schlie\u00dfen sonstige Gew\u00e4hrleistungsanspr\u00fcche jeglicher Art aus. Etwaige Gew\u00e4hrleistungsanspr\u00fcche des Kunden sind nicht abtretbar. An den von der Natexgroup gelieferten Produkten stehen der Natexgroup Urheberrechte zu. Der Kunde darf diese Produkte nur im Rahmen eines ordnungsgem\u00e4\u00dfen Gesch\u00e4ftsbetriebes benutzen und weiterver\u00e4u\u00dfern.<\/p>\n<ol start=\"7\">\n<li><strong>Anwendbares Recht<\/strong><\/li>\n<\/ol>\n<p>F\u00fcr s\u00e4mtliche Rechtsbeziehungen der Parteien gilt das Recht der Republik \u00d6sterreich. Ist der Kunde Vollkaufmann im Sinne der \u00f6sterreichischen HGB, juristische Person des \u00f6ffentlichen Rechts oder \u00f6ffentlich restliches Sonderverm\u00f6gen, ist Feldkirch ausschlie\u00dflicher Gerichtsstand f\u00fcr alle sich aus dem Vertragsverh\u00e4ltnis unmittelbar oder mittelbar ergebenden Streitigkeiten. Die Natexgroup ist jedoch berechtigt, den Kunden auch an anderen Gerichtsst\u00e4nden zu verklagen. Sollten eine oder mehrere der vorstehenden Bestimmungen unwirksam oder undurchf\u00fchrbar sein oder werden, so wird davon die Wirksamkeit der \u00fcbrigen Bestimmungen nicht ber\u00fchrt. Die unwirksame bzw. undurchf\u00fchrbare Bestimmung ist vielmehr durch eine wirksame oder durchf\u00fchrbare zu ersetzen, die den mit der ersteren verfolgten wirtschaftlichen Zweck soweit wie m\u00f6glich verwirklicht.<\/p>\n<\/div><div class=\"fusion-text fusion-text-2\"><div class=\"woocommerce woocommerce-gzd woocommerce-gzd-complaints-shortcode\">\n\t\t\t<h3>Information gem. \u00a7 19 Abs 3 AStG<\/h3>\n\t\t<p>Alternative Streitbeilegung Gesetz - Online Gesch\u00e4fte<\/p>\n\t\nZur Teilnahme an einem Streitbeilegungsverfahren vor einer Verbraucherschlichtungsstelle sind wir nicht verpflichtet und nicht bereit.<\/div>\n<\/div><div class=\"fusion-clearfix\"><\/div><\/div><\/div><\/div><\/div>\n","protected":false},"excerpt":{"rendered":"","protected":false},"author":1,"featured_media":0,"parent":0,"menu_order":0,"comment_status":"closed","ping_status":"closed","template":"","meta":{"footnotes":""},"class_list":["post-848","page","type-page","status-publish","hentry"],"yoast_head":"<!-- This site is optimized with the Yoast SEO plugin v26.3 - https:\/\/yoast.com\/wordpress\/plugins\/seo\/ -->\n<title>AGB | Natex Group<\/title>\n<meta name=\"robots\" content=\"index, follow, max-snippet:-1, max-image-preview:large, max-video-preview:-1\" \/>\n<link rel=\"canonical\" href=\"https:\/\/natexgroup.com\/damast-shop\/agb\/\" \/>\n<meta property=\"og:locale\" content=\"de_DE\" \/>\n<meta property=\"og:type\" content=\"article\" \/>\n<meta property=\"og:title\" content=\"AGB | Natex Group\" \/>\n<meta property=\"og:url\" content=\"https:\/\/natexgroup.com\/damast-shop\/agb\/\" \/>\n<meta property=\"og:site_name\" content=\"Natex Group\" \/>\n<meta property=\"article:modified_time\" content=\"2018-07-23T16:57:02+00:00\" \/>\n<meta name=\"twitter:card\" content=\"summary_large_image\" \/>\n<meta name=\"twitter:label1\" content=\"Gesch\u00e4tzte Lesezeit\" \/>\n\t<meta name=\"twitter:data1\" content=\"8\u00a0Minuten\" \/>\n<script type=\"application\/ld+json\" class=\"yoast-schema-graph\">{\"@context\":\"https:\/\/schema.org\",\"@graph\":[{\"@type\":\"WebPage\",\"@id\":\"https:\/\/natexgroup.com\/damast-shop\/agb\/\",\"url\":\"https:\/\/natexgroup.com\/damast-shop\/agb\/\",\"name\":\"AGB | Natex Group\",\"isPartOf\":{\"@id\":\"https:\/\/natexgroup.com\/damast-shop\/#website\"},\"datePublished\":\"2018-02-07T16:07:12+00:00\",\"dateModified\":\"2018-07-23T16:57:02+00:00\",\"breadcrumb\":{\"@id\":\"https:\/\/natexgroup.com\/damast-shop\/agb\/#breadcrumb\"},\"inLanguage\":\"de\",\"potentialAction\":[{\"@type\":\"ReadAction\",\"target\":[\"https:\/\/natexgroup.com\/damast-shop\/agb\/\"]}]},{\"@type\":\"BreadcrumbList\",\"@id\":\"https:\/\/natexgroup.com\/damast-shop\/agb\/#breadcrumb\",\"itemListElement\":[{\"@type\":\"ListItem\",\"position\":1,\"name\":\"Startseite\",\"item\":\"https:\/\/natexgroup.com\/damast-shop\/\"},{\"@type\":\"ListItem\",\"position\":2,\"name\":\"AGB\"}]},{\"@type\":\"WebSite\",\"@id\":\"https:\/\/natexgroup.com\/damast-shop\/#website\",\"url\":\"https:\/\/natexgroup.com\/damast-shop\/\",\"name\":\"Natex Group\",\"description\":\"Spitzen, Damast, Automotiv, Medizin, technische Textilien, Gardinen, Mikrofaser\",\"publisher\":{\"@id\":\"https:\/\/natexgroup.com\/damast-shop\/#organization\"},\"potentialAction\":[{\"@type\":\"SearchAction\",\"target\":{\"@type\":\"EntryPoint\",\"urlTemplate\":\"https:\/\/natexgroup.com\/damast-shop\/?s={search_term_string}\"},\"query-input\":{\"@type\":\"PropertyValueSpecification\",\"valueRequired\":true,\"valueName\":\"search_term_string\"}}],\"inLanguage\":\"de\"},{\"@type\":\"Organization\",\"@id\":\"https:\/\/natexgroup.com\/damast-shop\/#organization\",\"name\":\"J\u00f6rg Nachbaur\",\"url\":\"https:\/\/natexgroup.com\/damast-shop\/\",\"logo\":{\"@type\":\"ImageObject\",\"inLanguage\":\"de\",\"@id\":\"https:\/\/natexgroup.com\/damast-shop\/#\/schema\/logo\/image\/\",\"url\":\"http:\/\/natexgroup.com\/damast-shop\/wp-content\/uploads\/natex-group-148.png\",\"contentUrl\":\"http:\/\/natexgroup.com\/damast-shop\/wp-content\/uploads\/natex-group-148.png\",\"width\":466,\"height\":148,\"caption\":\"J\u00f6rg Nachbaur\"},\"image\":{\"@id\":\"https:\/\/natexgroup.com\/damast-shop\/#\/schema\/logo\/image\/\"}}]}<\/script>\n<!-- \/ Yoast SEO plugin. -->","yoast_head_json":{"title":"AGB | Natex Group","robots":{"index":"index","follow":"follow","max-snippet":"max-snippet:-1","max-image-preview":"max-image-preview:large","max-video-preview":"max-video-preview:-1"},"canonical":"https:\/\/natexgroup.com\/damast-shop\/agb\/","og_locale":"de_DE","og_type":"article","og_title":"AGB | Natex Group","og_url":"https:\/\/natexgroup.com\/damast-shop\/agb\/","og_site_name":"Natex Group","article_modified_time":"2018-07-23T16:57:02+00:00","twitter_card":"summary_large_image","twitter_misc":{"Gesch\u00e4tzte Lesezeit":"8\u00a0Minuten"},"schema":{"@context":"https:\/\/schema.org","@graph":[{"@type":"WebPage","@id":"https:\/\/natexgroup.com\/damast-shop\/agb\/","url":"https:\/\/natexgroup.com\/damast-shop\/agb\/","name":"AGB | Natex Group","isPartOf":{"@id":"https:\/\/natexgroup.com\/damast-shop\/#website"},"datePublished":"2018-02-07T16:07:12+00:00","dateModified":"2018-07-23T16:57:02+00:00","breadcrumb":{"@id":"https:\/\/natexgroup.com\/damast-shop\/agb\/#breadcrumb"},"inLanguage":"de","potentialAction":[{"@type":"ReadAction","target":["https:\/\/natexgroup.com\/damast-shop\/agb\/"]}]},{"@type":"BreadcrumbList","@id":"https:\/\/natexgroup.com\/damast-shop\/agb\/#breadcrumb","itemListElement":[{"@type":"ListItem","position":1,"name":"Startseite","item":"https:\/\/natexgroup.com\/damast-shop\/"},{"@type":"ListItem","position":2,"name":"AGB"}]},{"@type":"WebSite","@id":"https:\/\/natexgroup.com\/damast-shop\/#website","url":"https:\/\/natexgroup.com\/damast-shop\/","name":"Natex Group","description":"Spitzen, Damast, Automotiv, Medizin, technische Textilien, Gardinen, Mikrofaser","publisher":{"@id":"https:\/\/natexgroup.com\/damast-shop\/#organization"},"potentialAction":[{"@type":"SearchAction","target":{"@type":"EntryPoint","urlTemplate":"https:\/\/natexgroup.com\/damast-shop\/?s={search_term_string}"},"query-input":{"@type":"PropertyValueSpecification","valueRequired":true,"valueName":"search_term_string"}}],"inLanguage":"de"},{"@type":"Organization","@id":"https:\/\/natexgroup.com\/damast-shop\/#organization","name":"J\u00f6rg Nachbaur","url":"https:\/\/natexgroup.com\/damast-shop\/","logo":{"@type":"ImageObject","inLanguage":"de","@id":"https:\/\/natexgroup.com\/damast-shop\/#\/schema\/logo\/image\/","url":"http:\/\/natexgroup.com\/damast-shop\/wp-content\/uploads\/natex-group-148.png","contentUrl":"http:\/\/natexgroup.com\/damast-shop\/wp-content\/uploads\/natex-group-148.png","width":466,"height":148,"caption":"J\u00f6rg Nachbaur"},"image":{"@id":"https:\/\/natexgroup.com\/damast-shop\/#\/schema\/logo\/image\/"}}]}},"_links":{"self":[{"href":"https:\/\/natexgroup.com\/damast-shop\/wp-json\/wp\/v2\/pages\/848","targetHints":{"allow":["GET"]}}],"collection":[{"href":"https:\/\/natexgroup.com\/damast-shop\/wp-json\/wp\/v2\/pages"}],"about":[{"href":"https:\/\/natexgroup.com\/damast-shop\/wp-json\/wp\/v2\/types\/page"}],"author":[{"embeddable":true,"href":"https:\/\/natexgroup.com\/damast-shop\/wp-json\/wp\/v2\/users\/1"}],"replies":[{"embeddable":true,"href":"https:\/\/natexgroup.com\/damast-shop\/wp-json\/wp\/v2\/comments?post=848"}],"version-history":[{"count":4,"href":"https:\/\/natexgroup.com\/damast-shop\/wp-json\/wp\/v2\/pages\/848\/revisions"}],"predecessor-version":[{"id":2268,"href":"https:\/\/natexgroup.com\/damast-shop\/wp-json\/wp\/v2\/pages\/848\/revisions\/2268"}],"wp:attachment":[{"href":"https:\/\/natexgroup.com\/damast-shop\/wp-json\/wp\/v2\/media?parent=848"}],"curies":[{"name":"wp","href":"https:\/\/api.w.org\/{rel}","templated":true}]}}