{"id":912,"date":"2018-03-13T14:26:32","date_gmt":"2018-03-13T13:26:32","guid":{"rendered":"http:\/\/natexgroup.com\/damast-shop\/?post_type=product&#038;p=912\/"},"modified":"2018-11-08T11:40:44","modified_gmt":"2018-11-08T10:40:44","slug":"super-diamond-140-cm","status":"publish","type":"product","link":"https:\/\/natexgroup.com\/damast-shop\/produkt\/super-diamond-140-cm\/","title":{"rendered":"Damast Super Diamond, 140 cm"},"content":{"rendered":"<div class=\"anyipsum-output\">\n<ul>\n<li>Wunderbares Knistern<\/li>\n<li>Langanhaltender Glanz<span class=\"Apple-converted-space\">\u00a0<\/span><\/li>\n<li>Viele sch\u00f6ne Farben<\/li>\n<li>Moderne und klassische Motive<\/li>\n<li>Mit zartem Rosenduft<\/li>\n<li>Erstklassige Qualit\u00e4t<\/li>\n<\/ul>\n<p>Die au\u00dfergew\u00f6hnliche Brillanz und das besondere Knistern dieses edlen Gewebes verleihen jedem daraus gefertigten Kleidungsst\u00fcck das gewisse Etwas. <span class=\"Apple-converted-space\">\u00a0<\/span><\/p>\n<\/div>\n","protected":false},"excerpt":{"rendered":"<p>Wunderbares Knistern Langanhaltender Glanz\u00a0 Viele sch\u00f6ne Farben Moderne und klassische Motive Mit zartem Rosenduft Erstklassige Qualit\u00e4t Die au\u00dfergew\u00f6hnliche Brillanz und das besondere Knistern dieses edlen Gewebes verleihen jedem daraus gefertigten Kleidungsst\u00fcck das gewisse Etwas. \u00a0<\/p>\n","protected":false},"featured_media":1637,"comment_status":"closed","ping_status":"closed","template":"","meta":[],"product_brand":[],"product_cat":[452],"product_tag":[],"class_list":{"0":"post-912","1":"product","2":"type-product","3":"status-publish","4":"has-post-thumbnail","6":"product_cat-damast-cat","8":"first","9":"instock","10":"taxable","11":"shipping-taxable","12":"purchasable","13":"product-type-variable","14":"has-default-attributes"},"yoast_head":"<!-- This site is optimized with the Yoast SEO plugin v26.3 - https:\/\/yoast.com\/wordpress\/plugins\/seo\/ -->\n<title>Damast Super Diamond, 140 cm | Natex Group<\/title>\n<meta name=\"robots\" content=\"index, follow, max-snippet:-1, max-image-preview:large, max-video-preview:-1\" \/>\n<link rel=\"canonical\" href=\"https:\/\/natexgroup.com\/damast-shop\/produkt\/super-diamond-140-cm\/\" \/>\n<meta property=\"og:locale\" content=\"de_DE\" \/>\n<meta property=\"og:type\" content=\"article\" \/>\n<meta property=\"og:title\" content=\"Damast Super Diamond, 140 cm | Natex Group\" \/>\n<meta property=\"og:description\" content=\"Wunderbares Knistern Langanhaltender Glanz\u00a0 Viele sch\u00f6ne Farben Moderne und klassische Motive Mit zartem Rosenduft Erstklassige Qualit\u00e4t Die au\u00dfergew\u00f6hnliche Brillanz und das besondere Knistern dieses edlen Gewebes verleihen jedem daraus gefertigten Kleidungsst\u00fcck das gewisse Etwas. \u00a0\" \/>\n<meta property=\"og:url\" content=\"https:\/\/natexgroup.com\/damast-shop\/produkt\/super-diamond-140-cm\/\" \/>\n<meta property=\"og:site_name\" content=\"Natex Group\" \/>\n<meta property=\"article:modified_time\" content=\"2018-11-08T10:40:44+00:00\" \/>\n<meta property=\"og:image\" content=\"https:\/\/natexgroup.com\/damast-shop\/wp-content\/uploads\/576-blauviolett-damast-natex_.jpg\" \/>\n\t<meta property=\"og:image:width\" content=\"900\" \/>\n\t<meta property=\"og:image:height\" content=\"900\" \/>\n\t<meta property=\"og:image:type\" content=\"image\/jpeg\" \/>\n<meta name=\"twitter:card\" content=\"summary_large_image\" \/>\n<script type=\"application\/ld+json\" class=\"yoast-schema-graph\">{\"@context\":\"https:\/\/schema.org\",\"@graph\":[{\"@type\":\"WebPage\",\"@id\":\"https:\/\/natexgroup.com\/damast-shop\/produkt\/super-diamond-140-cm\/\",\"url\":\"https:\/\/natexgroup.com\/damast-shop\/produkt\/super-diamond-140-cm\/\",\"name\":\"Damast Super Diamond, 140 cm | Natex Group\",\"isPartOf\":{\"@id\":\"https:\/\/natexgroup.com\/damast-shop\/#website\"},\"primaryImageOfPage\":{\"@id\":\"https:\/\/natexgroup.com\/damast-shop\/produkt\/super-diamond-140-cm\/#primaryimage\"},\"image\":{\"@id\":\"https:\/\/natexgroup.com\/damast-shop\/produkt\/super-diamond-140-cm\/#primaryimage\"},\"thumbnailUrl\":\"https:\/\/natexgroup.com\/damast-shop\/wp-content\/uploads\/576-blauviolett-damast-natex_.jpg\",\"datePublished\":\"2018-03-13T13:26:32+00:00\",\"dateModified\":\"2018-11-08T10:40:44+00:00\",\"breadcrumb\":{\"@id\":\"https:\/\/natexgroup.com\/damast-shop\/produkt\/super-diamond-140-cm\/#breadcrumb\"},\"inLanguage\":\"de\",\"potentialAction\":[{\"@type\":\"ReadAction\",\"target\":[\"https:\/\/natexgroup.com\/damast-shop\/produkt\/super-diamond-140-cm\/\"]}]},{\"@type\":\"ImageObject\",\"inLanguage\":\"de\",\"@id\":\"https:\/\/natexgroup.com\/damast-shop\/produkt\/super-diamond-140-cm\/#primaryimage\",\"url\":\"https:\/\/natexgroup.com\/damast-shop\/wp-content\/uploads\/576-blauviolett-damast-natex_.jpg\",\"contentUrl\":\"https:\/\/natexgroup.com\/damast-shop\/wp-content\/uploads\/576-blauviolett-damast-natex_.jpg\",\"width\":900,\"height\":900},{\"@type\":\"BreadcrumbList\",\"@id\":\"https:\/\/natexgroup.com\/damast-shop\/produkt\/super-diamond-140-cm\/#breadcrumb\",\"itemListElement\":[{\"@type\":\"ListItem\",\"position\":1,\"name\":\"Startseite\",\"item\":\"https:\/\/natexgroup.com\/damast-shop\/\"},{\"@type\":\"ListItem\",\"position\":2,\"name\":\"Damast-Shop\",\"item\":\"https:\/\/natexgroup.com\/damast-shop\/\"},{\"@type\":\"ListItem\",\"position\":3,\"name\":\"Damast Super Diamond, 140 cm\"}]},{\"@type\":\"WebSite\",\"@id\":\"https:\/\/natexgroup.com\/damast-shop\/#website\",\"url\":\"https:\/\/natexgroup.com\/damast-shop\/\",\"name\":\"Natex Group\",\"description\":\"Spitzen, Damast, Automotiv, Medizin, technische Textilien, Gardinen, Mikrofaser\",\"publisher\":{\"@id\":\"https:\/\/natexgroup.com\/damast-shop\/#organization\"},\"potentialAction\":[{\"@type\":\"SearchAction\",\"target\":{\"@type\":\"EntryPoint\",\"urlTemplate\":\"https:\/\/natexgroup.com\/damast-shop\/?s={search_term_string}\"},\"query-input\":{\"@type\":\"PropertyValueSpecification\",\"valueRequired\":true,\"valueName\":\"search_term_string\"}}],\"inLanguage\":\"de\"},{\"@type\":\"Organization\",\"@id\":\"https:\/\/natexgroup.com\/damast-shop\/#organization\",\"name\":\"J\u00f6rg Nachbaur\",\"url\":\"https:\/\/natexgroup.com\/damast-shop\/\",\"logo\":{\"@type\":\"ImageObject\",\"inLanguage\":\"de\",\"@id\":\"https:\/\/natexgroup.com\/damast-shop\/#\/schema\/logo\/image\/\",\"url\":\"http:\/\/natexgroup.com\/damast-shop\/wp-content\/uploads\/natex-group-148.png\",\"contentUrl\":\"http:\/\/natexgroup.com\/damast-shop\/wp-content\/uploads\/natex-group-148.png\",\"width\":466,\"height\":148,\"caption\":\"J\u00f6rg Nachbaur\"},\"image\":{\"@id\":\"https:\/\/natexgroup.com\/damast-shop\/#\/schema\/logo\/image\/\"}}]}<\/script>\n<!-- \/ Yoast SEO plugin. -->","yoast_head_json":{"title":"Damast Super Diamond, 140 cm | Natex Group","robots":{"index":"index","follow":"follow","max-snippet":"max-snippet:-1","max-image-preview":"max-image-preview:large","max-video-preview":"max-video-preview:-1"},"canonical":"https:\/\/natexgroup.com\/damast-shop\/produkt\/super-diamond-140-cm\/","og_locale":"de_DE","og_type":"article","og_title":"Damast Super Diamond, 140 cm | Natex Group","og_description":"Wunderbares Knistern Langanhaltender Glanz\u00a0 Viele sch\u00f6ne Farben Moderne und klassische Motive Mit zartem Rosenduft Erstklassige Qualit\u00e4t Die au\u00dfergew\u00f6hnliche Brillanz und das besondere Knistern dieses edlen Gewebes verleihen jedem daraus gefertigten Kleidungsst\u00fcck das gewisse Etwas. \u00a0","og_url":"https:\/\/natexgroup.com\/damast-shop\/produkt\/super-diamond-140-cm\/","og_site_name":"Natex Group","article_modified_time":"2018-11-08T10:40:44+00:00","og_image":[{"width":900,"height":900,"url":"https:\/\/natexgroup.com\/damast-shop\/wp-content\/uploads\/576-blauviolett-damast-natex_.jpg","type":"image\/jpeg"}],"twitter_card":"summary_large_image","schema":{"@context":"https:\/\/schema.org","@graph":[{"@type":"WebPage","@id":"https:\/\/natexgroup.com\/damast-shop\/produkt\/super-diamond-140-cm\/","url":"https:\/\/natexgroup.com\/damast-shop\/produkt\/super-diamond-140-cm\/","name":"Damast Super Diamond, 140 cm | Natex Group","isPartOf":{"@id":"https:\/\/natexgroup.com\/damast-shop\/#website"},"primaryImageOfPage":{"@id":"https:\/\/natexgroup.com\/damast-shop\/produkt\/super-diamond-140-cm\/#primaryimage"},"image":{"@id":"https:\/\/natexgroup.com\/damast-shop\/produkt\/super-diamond-140-cm\/#primaryimage"},"thumbnailUrl":"https:\/\/natexgroup.com\/damast-shop\/wp-content\/uploads\/576-blauviolett-damast-natex_.jpg","datePublished":"2018-03-13T13:26:32+00:00","dateModified":"2018-11-08T10:40:44+00:00","breadcrumb":{"@id":"https:\/\/natexgroup.com\/damast-shop\/produkt\/super-diamond-140-cm\/#breadcrumb"},"inLanguage":"de","potentialAction":[{"@type":"ReadAction","target":["https:\/\/natexgroup.com\/damast-shop\/produkt\/super-diamond-140-cm\/"]}]},{"@type":"ImageObject","inLanguage":"de","@id":"https:\/\/natexgroup.com\/damast-shop\/produkt\/super-diamond-140-cm\/#primaryimage","url":"https:\/\/natexgroup.com\/damast-shop\/wp-content\/uploads\/576-blauviolett-damast-natex_.jpg","contentUrl":"https:\/\/natexgroup.com\/damast-shop\/wp-content\/uploads\/576-blauviolett-damast-natex_.jpg","width":900,"height":900},{"@type":"BreadcrumbList","@id":"https:\/\/natexgroup.com\/damast-shop\/produkt\/super-diamond-140-cm\/#breadcrumb","itemListElement":[{"@type":"ListItem","position":1,"name":"Startseite","item":"https:\/\/natexgroup.com\/damast-shop\/"},{"@type":"ListItem","position":2,"name":"Damast-Shop","item":"https:\/\/natexgroup.com\/damast-shop\/"},{"@type":"ListItem","position":3,"name":"Damast Super Diamond, 140 cm"}]},{"@type":"WebSite","@id":"https:\/\/natexgroup.com\/damast-shop\/#website","url":"https:\/\/natexgroup.com\/damast-shop\/","name":"Natex Group","description":"Spitzen, Damast, Automotiv, Medizin, technische Textilien, Gardinen, Mikrofaser","publisher":{"@id":"https:\/\/natexgroup.com\/damast-shop\/#organization"},"potentialAction":[{"@type":"SearchAction","target":{"@type":"EntryPoint","urlTemplate":"https:\/\/natexgroup.com\/damast-shop\/?s={search_term_string}"},"query-input":{"@type":"PropertyValueSpecification","valueRequired":true,"valueName":"search_term_string"}}],"inLanguage":"de"},{"@type":"Organization","@id":"https:\/\/natexgroup.com\/damast-shop\/#organization","name":"J\u00f6rg Nachbaur","url":"https:\/\/natexgroup.com\/damast-shop\/","logo":{"@type":"ImageObject","inLanguage":"de","@id":"https:\/\/natexgroup.com\/damast-shop\/#\/schema\/logo\/image\/","url":"http:\/\/natexgroup.com\/damast-shop\/wp-content\/uploads\/natex-group-148.png","contentUrl":"http:\/\/natexgroup.com\/damast-shop\/wp-content\/uploads\/natex-group-148.png","width":466,"height":148,"caption":"J\u00f6rg Nachbaur"},"image":{"@id":"https:\/\/natexgroup.com\/damast-shop\/#\/schema\/logo\/image\/"}}]}},"_links":{"self":[{"href":"https:\/\/natexgroup.com\/damast-shop\/wp-json\/wp\/v2\/product\/912","targetHints":{"allow":["GET"]}}],"collection":[{"href":"https:\/\/natexgroup.com\/damast-shop\/wp-json\/wp\/v2\/product"}],"about":[{"href":"https:\/\/natexgroup.com\/damast-shop\/wp-json\/wp\/v2\/types\/product"}],"replies":[{"embeddable":true,"href":"https:\/\/natexgroup.com\/damast-shop\/wp-json\/wp\/v2\/comments?post=912"}],"wp:featuredmedia":[{"embeddable":true,"href":"https:\/\/natexgroup.com\/damast-shop\/wp-json\/wp\/v2\/media\/1637"}],"wp:attachment":[{"href":"https:\/\/natexgroup.com\/damast-shop\/wp-json\/wp\/v2\/media?parent=912"}],"wp:term":[{"taxonomy":"product_brand","embeddable":true,"href":"https:\/\/natexgroup.com\/damast-shop\/wp-json\/wp\/v2\/product_brand?post=912"},{"taxonomy":"product_cat","embeddable":true,"href":"https:\/\/natexgroup.com\/damast-shop\/wp-json\/wp\/v2\/product_cat?post=912"},{"taxonomy":"product_tag","embeddable":true,"href":"https:\/\/natexgroup.com\/damast-shop\/wp-json\/wp\/v2\/product_tag?post=912"}],"curies":[{"name":"wp","href":"https:\/\/api.w.org\/{rel}","templated":true}]}}